{"id":2442,"date":"2023-11-04T11:58:34","date_gmt":"2023-11-04T11:58:34","guid":{"rendered":"https:\/\/monas-welt.de\/?page_id=2442"},"modified":"2026-02-02T13:34:05","modified_gmt":"2026-02-02T12:34:05","slug":"das-bin-ich","status":"publish","type":"page","link":"https:\/\/monas-welt.de\/das-bin-ich\/","title":{"rendered":"Das bin ich"},"content":{"rendered":"\n<p class=\"has-text-align-left has-normal-font-size\"><em>Mein Name ist Ramona und ich wurde am 3. Januar 1971 in G\u00f6ttingen, im wundersch\u00f6nen Niedersachsen, geboren und hier lebe ich auch heute noch.<\/em><\/p>\n\n\n\n<p class=\"has-text-align-left\"><em>Ich bin fast immer gut gelaunt , bin hilfsbereit , ehrlich, freundlich und empathisch. Allerdings habe ich manchmal auch einen ziemlichen Dickkopf (typisch Steinbock) . Und wenn man mich wirklich \u00c4rgert oder meine Familie angreift , dann kann ich auch mal richtig b\u00f6se werden! <\/em><\/p>\n\n\n\n<p class=\"has-text-align-center\"><strong>Nichi nichi kore k\u014djitsu<\/strong> (\u65e5\u3005\u662f\u597d\u65e5)<\/p>\n\n\n<div class=\"wp-block-image\">\n<figure class=\"aligncenter size-full\"><img loading=\"lazy\" decoding=\"async\" width=\"400\" height=\"500\" src=\"https:\/\/monas-welt.de\/wp-content\/uploads\/2025\/10\/Image35-1.jpg\" alt=\"\" class=\"wp-image-2807\" srcset=\"https:\/\/monas-welt.de\/wp-content\/uploads\/2025\/10\/Image35-1.jpg 400w, https:\/\/monas-welt.de\/wp-content\/uploads\/2025\/10\/Image35-1-240x300.jpg 240w\" sizes=\"auto, (max-width: 400px) 100vw, 400px\" \/><\/figure>\n<\/div>\n\n\n<p><\/p>\n\n\n\n<p><\/p>\n\n\n\n<p class=\"has-text-align-left has-normal-font-size\"><em><strong>Sternzeichen:<\/strong><\/em> <em>Steinbock<\/em><br><em><strong>Wohnort:<\/strong><\/em> <em>G\u00f6ttingen<\/em><br><em><strong>Lieblings-Essen:<\/strong> Ramen , <\/em>Sushi und Fischgerichte<br><em><strong>Lieblings-Getr\u00e4nke:<\/strong> Wasser, Fr\u00fcchtetee und trockener Rotwein<br><strong>Lieblings-Farben:<\/strong><\/em> <em>Gr\u00fcn , Oliv und<\/em> Schwarz<br><em><strong>Lieblings-Kleidung:<\/strong> Jeans und T-Shirt<\/em><br><em><strong>Lieblings-Blumen:<\/strong> Dahlien, Pfingstrosen und Sonnenblumen<\/em><br><em><strong>Lieblngs-L\u00e4nder:<\/strong> Japan, S\u00fcdkorea und Alaska<\/em><\/p>\n\n\n\n<p><\/p>\n\n\n\n<p class=\"has-text-align-left\"><em><strong>Lieblings-Serien:<\/strong><\/em> <em>koreanische und japanische Serien<\/em> ,  <em>Supernatural , The Blacklist , Sons of Anarchy <br><strong>Lieblings-Musik:<\/strong> Luke Combs, Jelly Roll , Keith Urban, Daughtry, Lady A<\/em><\/p>\n\n\n\n<p><\/p>\n\n\n\n<p class=\"has-text-align-left\"><em><strong>Lieblings-B\u00fccher:<\/strong> Alles von Jack Ketchum, Richard Laymon , Steven King und Barbara Wood<br><strong>Lieblings-Tiere:<\/strong> Wellensittiche, Alligatoren, Krokodile<\/em><\/p>\n\n\n\n<p class=\"has-text-align-left\"><br><em><strong>Was ich mag :<\/strong> Horrorfilm-Abende mit meinem Sohn , Herbst &amp; Winter , Schnee , ein gutes Buch lesen ,\u00a0 Tier und Naturschutz , Kochen &amp; Backen<\/em><\/p>\n\n\n\n<p class=\"has-text-align-left\"><em><strong>Was ich garnicht mag :<\/strong> Tierqu\u00e4ler , Umweltverschmutzung\/Umweltzerst\u00f6rung , Ratten, respektlose und oberfl\u00e4chliche Menschen , L\u00fcgner , Neid<\/em><br><\/p>\n\n\n\n<p class=\"has-text-align-left\"><em><strong>Ernst oder lustig?<\/strong> Beides<br><strong>Haus- oder Naturmensch? <\/strong>Beides<br><strong>Einfach oder kompliziert?<\/strong> einfach<br><strong>Schreiben oder lesen?<\/strong> lesen<br><strong>Reden oder zuh\u00f6ren?<\/strong> zuh\u00f6ren<br><strong>Sonnenauf- oder untergang? <\/strong>Sonnenaufgang<br><strong>Sp\u00e4t aufstehen oder fr\u00fch aufstehen? <\/strong>Bin Fr\u00fchaufsteher<br><strong>Restaurant mit Kerzenlicht oder Picknick im Mondschein?<\/strong> Beides sch\u00f6n<br><strong>Halbleer oder halbvoll? <\/strong>halbvoll<br><strong>Cola oder Fanta ?<\/strong> Nichts von Beiden<br><strong>Gl\u00fccklich oder ungl\u00fccklich?<\/strong> gl\u00fccklich<br><strong>Nacht oder Tag?<\/strong> Tag<br><strong>Winter oder Sommer?<\/strong> Winter<br><strong>Wort oder Phrasen, die du oft benutzt:<\/strong> Herrjeeh , Du meine G\u00fcte<br><strong>Welche 3 Dinge w\u00fcrdest Du auf eine einsame Insel mitnehmen ? <\/strong>meinen Mann, meinen Sohn und Proviant<br><strong>Was ist f\u00fcr Dich am Wichtigsten?<\/strong> meine Familie<br><strong>Glaubst du an ein Leben nach dem Tod? <\/strong>Da wird irgendwas sein \u2026.<\/em><\/p>\n\n\n\n<p class=\"has-text-align-center\"><\/p>\n","protected":false},"excerpt":{"rendered":"<p>Mein Name ist Ramona und ich wurde am 3. Januar 1971 in G\u00f6ttingen, im wundersch\u00f6nen Niedersachsen, geboren und hier lebe ich auch heute noch. Ich bin fast immer gut gelaunt , bin hilfsbereit , ehrlich, freundlich und empathisch. Allerdings habe ich manchmal auch einen ziemlichen Dickkopf (typisch Steinbock) . Und wenn man mich wirklich \u00c4rgert&hellip;<\/p>\n","protected":false},"author":1,"featured_media":0,"parent":0,"menu_order":0,"comment_status":"closed","ping_status":"closed","template":"","meta":{"footnotes":""},"class_list":["post-2442","page","type-page","status-publish","hentry"],"_links":{"self":[{"href":"https:\/\/monas-welt.de\/wp-json\/wp\/v2\/pages\/2442","targetHints":{"allow":["GET"]}}],"collection":[{"href":"https:\/\/monas-welt.de\/wp-json\/wp\/v2\/pages"}],"about":[{"href":"https:\/\/monas-welt.de\/wp-json\/wp\/v2\/types\/page"}],"author":[{"embeddable":true,"href":"https:\/\/monas-welt.de\/wp-json\/wp\/v2\/users\/1"}],"replies":[{"embeddable":true,"href":"https:\/\/monas-welt.de\/wp-json\/wp\/v2\/comments?post=2442"}],"version-history":[{"count":18,"href":"https:\/\/monas-welt.de\/wp-json\/wp\/v2\/pages\/2442\/revisions"}],"predecessor-version":[{"id":3284,"href":"https:\/\/monas-welt.de\/wp-json\/wp\/v2\/pages\/2442\/revisions\/3284"}],"wp:attachment":[{"href":"https:\/\/monas-welt.de\/wp-json\/wp\/v2\/media?parent=2442"}],"curies":[{"name":"wp","href":"https:\/\/api.w.org\/{rel}","templated":true}]}}