{"id":2598,"date":"2023-12-14T13:38:32","date_gmt":"2023-12-14T12:38:32","guid":{"rendered":"https:\/\/monas-welt.de\/?page_id=2598"},"modified":"2026-03-04T09:47:21","modified_gmt":"2026-03-04T08:47:21","slug":"partner-seiten","status":"publish","type":"page","link":"https:\/\/monas-welt.de\/partner-seiten\/","title":{"rendered":"LiebLinks"},"content":{"rendered":"\n<p class=\"has-text-align-center has-normal-font-size\"><strong>Auf diesen Seiten bin ich regelm\u00e4ssig Unterwegs , schaut doch mal vorbei!<\/strong><\/p>\n\n\n\n<p><\/p>\n\n\n\n<hr class=\"wp-block-separator has-alpha-channel-opacity\"\/>\n\n\n<div class=\"wp-block-image\">\n<figure class=\"aligncenter size-full is-resized\"><a href=\"https:\/\/www.hoemmaforum.de\"><img loading=\"lazy\" decoding=\"async\" width=\"468\" height=\"60\" src=\"https:\/\/monas-welt.de\/wp-content\/uploads\/2026\/01\/hoemma.png\" alt=\"\" class=\"wp-image-3260\" style=\"width:484px;height:auto\" srcset=\"https:\/\/monas-welt.de\/wp-content\/uploads\/2026\/01\/hoemma.png 468w, https:\/\/monas-welt.de\/wp-content\/uploads\/2026\/01\/hoemma-300x38.png 300w, https:\/\/monas-welt.de\/wp-content\/uploads\/2026\/01\/hoemma-400x51.png 400w\" sizes=\"auto, (max-width: 468px) 100vw, 468px\" \/><\/a><\/figure>\n<\/div>\n\n\n<p class=\"has-text-align-center\">Ein sehr sch\u00f6nes kleines Plauderforum mit lieben Usern!<\/p>\n\n\n\n<hr class=\"wp-block-separator has-alpha-channel-opacity\"\/>\n\n\n<div class=\"wp-block-image\">\n<figure class=\"aligncenter size-full\"><a href=\"https:\/\/www.zielonke-online.de\/\"><img loading=\"lazy\" decoding=\"async\" width=\"468\" height=\"60\" src=\"https:\/\/monas-welt.de\/wp-content\/uploads\/2023\/12\/Familie-Zielonke.jpg\" alt=\"\" class=\"wp-image-2600\" srcset=\"https:\/\/monas-welt.de\/wp-content\/uploads\/2023\/12\/Familie-Zielonke.jpg 468w, https:\/\/monas-welt.de\/wp-content\/uploads\/2023\/12\/Familie-Zielonke-300x38.jpg 300w\" sizes=\"auto, (max-width: 468px) 100vw, 468px\" \/><\/a><\/figure>\n<\/div>\n\n\n<p class=\"has-text-align-center\">Eine sehr sch\u00f6ne private Homepage der Familie Zielonke<\/p>\n\n\n\n<hr class=\"wp-block-separator has-alpha-channel-opacity\"\/>\n\n\n\n<p class=\"has-text-align-center\"><\/p>\n\n\n<div class=\"wp-block-image\">\n<figure class=\"aligncenter size-full\"><a href=\"https:\/\/pusteblume.page4.com\/\"><img loading=\"lazy\" decoding=\"async\" width=\"341\" height=\"58\" src=\"https:\/\/monas-welt.de\/wp-content\/uploads\/2025\/11\/banner-pusteblume.png\" alt=\"\" class=\"wp-image-3142\" srcset=\"https:\/\/monas-welt.de\/wp-content\/uploads\/2025\/11\/banner-pusteblume.png 341w, https:\/\/monas-welt.de\/wp-content\/uploads\/2025\/11\/banner-pusteblume-300x51.png 300w\" sizes=\"auto, (max-width: 341px) 100vw, 341px\" \/><\/a><\/figure>\n<\/div>\n\n\n<p class=\"has-text-align-center\">Eine sch\u00f6ne private Homepage<\/p>\n\n\n\n<hr class=\"wp-block-separator has-alpha-channel-opacity\"\/>\n\n\n<div class=\"wp-block-image\">\n<figure class=\"aligncenter size-full\"><a href=\"https:\/\/www.inges-bilderland.de\/\"><img loading=\"lazy\" decoding=\"async\" width=\"468\" height=\"60\" src=\"https:\/\/monas-welt.de\/wp-content\/uploads\/2025\/11\/banner-inge.gif\" alt=\"\" class=\"wp-image-3144\"\/><\/a><\/figure>\n<\/div>\n\n\n<p class=\"has-text-align-center\">Sch\u00f6ne Seite mit vielen gebastelten Grafiken<\/p>\n\n\n\n<hr class=\"wp-block-separator has-alpha-channel-opacity\"\/>\n\n\n<div class=\"wp-block-image\">\n<figure class=\"aligncenter size-full\"><a href=\"https:\/\/www.eyla-easy-giftworld.de\/\"><img loading=\"lazy\" decoding=\"async\" width=\"300\" height=\"49\" src=\"https:\/\/monas-welt.de\/wp-content\/uploads\/2025\/11\/banner_eyla-easy_-neu-mittel.png\" alt=\"\" class=\"wp-image-3145\"\/><\/a><\/figure>\n<\/div>\n\n\n<p class=\"has-text-align-center\">sch\u00f6ne Homepage von Karin und Alex und ihren beiden Altdeutschen Sch\u00e4ferhunden Eyla &amp; Easy<\/p>\n\n\n\n<hr class=\"wp-block-separator has-alpha-channel-opacity\"\/>\n\n\n<div class=\"wp-block-image\">\n<figure class=\"aligncenter size-full\"><a href=\"https:\/\/christroses-paradies.blogspot.com\/\"><img loading=\"lazy\" decoding=\"async\" width=\"470\" height=\"70\" src=\"https:\/\/monas-welt.de\/wp-content\/uploads\/2025\/11\/christrose_banner_b.png\" alt=\"\" class=\"wp-image-3147\" srcset=\"https:\/\/monas-welt.de\/wp-content\/uploads\/2025\/11\/christrose_banner_b.png 470w, https:\/\/monas-welt.de\/wp-content\/uploads\/2025\/11\/christrose_banner_b-300x45.png 300w, https:\/\/monas-welt.de\/wp-content\/uploads\/2025\/11\/christrose_banner_b-400x60.png 400w\" sizes=\"auto, (max-width: 470px) 100vw, 470px\" \/><\/a><\/figure>\n<\/div>\n\n\n<p class=\"has-text-align-center\">Eine sch\u00f6ne HP mit wundersch\u00f6nen selbsterstellten Grafiken<\/p>\n\n\n\n<hr class=\"wp-block-separator has-alpha-channel-opacity\"\/>\n\n\n<div class=\"wp-block-image\">\n<figure class=\"aligncenter size-full\"><a href=\"https:\/\/fireangels-angelmcs-grafikstube.de\/forum\/\"><img loading=\"lazy\" decoding=\"async\" width=\"357\" height=\"80\" src=\"https:\/\/monas-welt.de\/wp-content\/uploads\/2025\/11\/Grafikstube-Banner.png\" alt=\"\" class=\"wp-image-3156\" srcset=\"https:\/\/monas-welt.de\/wp-content\/uploads\/2025\/11\/Grafikstube-Banner.png 357w, https:\/\/monas-welt.de\/wp-content\/uploads\/2025\/11\/Grafikstube-Banner-300x67.png 300w\" sizes=\"auto, (max-width: 357px) 100vw, 357px\" \/><\/a><\/figure>\n<\/div>\n\n\n<p class=\"has-text-align-center\">Forum mit wundersch\u00f6nen Grafiken zum Basteln von Fireangel und AngelMC<\/p>\n\n\n\n<hr class=\"wp-block-separator has-alpha-channel-opacity\"\/>\n\n\n<div class=\"wp-block-image\">\n<figure class=\"aligncenter size-full\"><a href=\"http:\/\/www.c-mihm.de\"><img loading=\"lazy\" decoding=\"async\" width=\"468\" height=\"60\" src=\"https:\/\/monas-welt.de\/wp-content\/uploads\/2026\/03\/Claudia_Mihm.jpg\" alt=\"\" class=\"wp-image-3484\" srcset=\"https:\/\/monas-welt.de\/wp-content\/uploads\/2026\/03\/Claudia_Mihm.jpg 468w, https:\/\/monas-welt.de\/wp-content\/uploads\/2026\/03\/Claudia_Mihm-300x38.jpg 300w\" sizes=\"auto, (max-width: 468px) 100vw, 468px\" \/><\/a><\/figure>\n<\/div>\n\n\n<p class=\"has-text-align-center\">Private Homepage von Claudia Mihm<\/p>\n\n\n\n<hr class=\"wp-block-separator has-alpha-channel-opacity\"\/>\n","protected":false},"excerpt":{"rendered":"<p>Auf diesen Seiten bin ich regelm\u00e4ssig Unterwegs , schaut doch mal vorbei! Ein sehr sch\u00f6nes kleines Plauderforum mit lieben Usern! Eine sehr sch\u00f6ne private Homepage der Familie Zielonke Eine sch\u00f6ne private Homepage Sch\u00f6ne Seite mit vielen gebastelten Grafiken sch\u00f6ne Homepage von Karin und Alex und ihren beiden Altdeutschen Sch\u00e4ferhunden Eyla &amp; Easy Eine sch\u00f6ne HP&hellip;<\/p>\n","protected":false},"author":1,"featured_media":0,"parent":0,"menu_order":7,"comment_status":"closed","ping_status":"closed","template":"","meta":{"footnotes":""},"class_list":["post-2598","page","type-page","status-publish","hentry"],"_links":{"self":[{"href":"https:\/\/monas-welt.de\/wp-json\/wp\/v2\/pages\/2598","targetHints":{"allow":["GET"]}}],"collection":[{"href":"https:\/\/monas-welt.de\/wp-json\/wp\/v2\/pages"}],"about":[{"href":"https:\/\/monas-welt.de\/wp-json\/wp\/v2\/types\/page"}],"author":[{"embeddable":true,"href":"https:\/\/monas-welt.de\/wp-json\/wp\/v2\/users\/1"}],"replies":[{"embeddable":true,"href":"https:\/\/monas-welt.de\/wp-json\/wp\/v2\/comments?post=2598"}],"version-history":[{"count":8,"href":"https:\/\/monas-welt.de\/wp-json\/wp\/v2\/pages\/2598\/revisions"}],"predecessor-version":[{"id":3486,"href":"https:\/\/monas-welt.de\/wp-json\/wp\/v2\/pages\/2598\/revisions\/3486"}],"wp:attachment":[{"href":"https:\/\/monas-welt.de\/wp-json\/wp\/v2\/media?parent=2598"}],"curies":[{"name":"wp","href":"https:\/\/api.w.org\/{rel}","templated":true}]}}