{"id":3183,"date":"2025-11-15T07:53:03","date_gmt":"2025-11-15T06:53:03","guid":{"rendered":"https:\/\/monas-welt.de\/?page_id=3183"},"modified":"2026-03-03T08:11:53","modified_gmt":"2026-03-03T07:11:53","slug":"grusskarten","status":"publish","type":"page","link":"https:\/\/monas-welt.de\/grusskarten\/","title":{"rendered":"Grusskarten"},"content":{"rendered":"\n<p class=\"has-text-align-center\">Schreib doch mal wieder eine Grusskarte und zeige lieben Menschen, das Du an sie denkst!<br>Meine Karten sind alle von mir selbst erstellt und ich hoffe, das die ein oder andere dabei ist, die Dir gef\u00e4llt.<br>Es kommen immer mal neue Karten dazu und der Versand der Gru\u00dfkarten ist v\u00f6llig kostelos!<\/p>\n\n\n\n<p class=\"has-text-align-center\">Ich w\u00fcnsche Dir ganz viel Freude am versenden der Karten!<\/p>\n\n\n\n<p><\/p>\n\n\n<div class=\"wp-block-image\">\n<figure class=\"aligncenter size-full\"><a href=\"https:\/\/mitglieder.ecard-service.net\/uebersicht.php?account=a-ramona71-monas-welt\"><img loading=\"lazy\" decoding=\"async\" width=\"468\" height=\"60\" src=\"https:\/\/monas-welt.de\/wp-content\/uploads\/2026\/03\/karten.jpg\" alt=\"\" class=\"wp-image-3475\" srcset=\"https:\/\/monas-welt.de\/wp-content\/uploads\/2026\/03\/karten.jpg 468w, https:\/\/monas-welt.de\/wp-content\/uploads\/2026\/03\/karten-300x38.jpg 300w\" sizes=\"auto, (max-width: 468px) 100vw, 468px\" \/><\/a><\/figure>\n<\/div>\n\n\n<p><\/p>\n","protected":false},"excerpt":{"rendered":"<p>Schreib doch mal wieder eine Grusskarte und zeige lieben Menschen, das Du an sie denkst!Meine Karten sind alle von mir selbst erstellt und ich hoffe, das die ein oder andere dabei ist, die Dir gef\u00e4llt.Es kommen immer mal neue Karten dazu und der Versand der Gru\u00dfkarten ist v\u00f6llig kostelos! Ich w\u00fcnsche Dir ganz viel Freude&hellip;<\/p>\n","protected":false},"author":1,"featured_media":0,"parent":0,"menu_order":0,"comment_status":"closed","ping_status":"closed","template":"","meta":{"footnotes":""},"class_list":["post-3183","page","type-page","status-publish","hentry"],"_links":{"self":[{"href":"https:\/\/monas-welt.de\/wp-json\/wp\/v2\/pages\/3183","targetHints":{"allow":["GET"]}}],"collection":[{"href":"https:\/\/monas-welt.de\/wp-json\/wp\/v2\/pages"}],"about":[{"href":"https:\/\/monas-welt.de\/wp-json\/wp\/v2\/types\/page"}],"author":[{"embeddable":true,"href":"https:\/\/monas-welt.de\/wp-json\/wp\/v2\/users\/1"}],"replies":[{"embeddable":true,"href":"https:\/\/monas-welt.de\/wp-json\/wp\/v2\/comments?post=3183"}],"version-history":[{"count":2,"href":"https:\/\/monas-welt.de\/wp-json\/wp\/v2\/pages\/3183\/revisions"}],"predecessor-version":[{"id":3476,"href":"https:\/\/monas-welt.de\/wp-json\/wp\/v2\/pages\/3183\/revisions\/3476"}],"wp:attachment":[{"href":"https:\/\/monas-welt.de\/wp-json\/wp\/v2\/media?parent=3183"}],"curies":[{"name":"wp","href":"https:\/\/api.w.org\/{rel}","templated":true}]}}